{"id":415,"date":"2025-03-11T07:51:10","date_gmt":"2025-03-11T07:51:10","guid":{"rendered":"https:\/\/cabsoluit.com\/no\/?page_id=415"},"modified":"2025-03-11T07:51:17","modified_gmt":"2025-03-11T07:51:17","slug":"takk","status":"publish","type":"page","link":"https:\/\/cabsoluit.com\/no\/takk\/","title":{"rendered":"Takk"},"content":{"rendered":"<p>[et_pb_section fb_built=&#8221;1&#8243; custom_padding_last_edited=&#8221;on|phone&#8221; _builder_version=&#8221;4.22.2&#8243; _module_preset=&#8221;default&#8221; background_color=&#8221;#f7f7f7&#8243; height_tablet=&#8221;100%&#8221; height_phone=&#8221;&#8221; height_last_edited=&#8221;on|desktop&#8221; custom_padding=&#8221;50px||50px||true|false&#8221; custom_padding_tablet=&#8221;50px||50px||true|false&#8221; custom_padding_phone=&#8221;50px||||false|false&#8221; da_disable_devices=&#8221;off|off|off&#8221; global_colors_info=&#8221;{}&#8221; custom_css_main_element_last_edited=&#8221;on|desktop&#8221; custom_css_before_last_edited=&#8221;on|phone&#8221; locked=&#8221;off&#8221; theme_builder_area=&#8221;post_content&#8221;][et_pb_row custom_padding_last_edited=&#8221;on|phone&#8221; _builder_version=&#8221;4.22.2&#8243; _module_preset=&#8221;default&#8221; custom_padding=&#8221;||||false|false&#8221; custom_padding_tablet=&#8221;||||false|false&#8221; custom_padding_phone=&#8221;||||false|false&#8221; global_colors_info=&#8221;{}&#8221; theme_builder_area=&#8221;post_content&#8221;][et_pb_column type=&#8221;4_4&#8243; _builder_version=&#8221;4.22.2&#8243; _module_preset=&#8221;default&#8221; global_colors_info=&#8221;{}&#8221; theme_builder_area=&#8221;post_content&#8221;][et_pb_image src=&#8221;https:\/\/cabsoluit.com\/wp-content\/uploads\/2023\/10\/MicrosoftTeams-image-228.png&#8221; title_text=&#8221;.&#8221; align=&#8221;center&#8221; _builder_version=&#8221;4.22.2&#8243; _module_preset=&#8221;default&#8221; width=&#8221;150px&#8221; width_tablet=&#8221;150px&#8221; width_phone=&#8221;150px&#8221; width_last_edited=&#8221;on|phone&#8221; global_colors_info=&#8221;{}&#8221; theme_builder_area=&#8221;post_content&#8221;][\/et_pb_image][et_pb_heading title=&#8221;Takk for at du valgte Cabsoluit!&#8221; _builder_version=&#8221;4.27.4&#8243; _module_preset=&#8221;default&#8221; title_font=&#8221;Ubuntu|700|||||||&#8221; title_text_align=&#8221;center&#8221; title_line_height=&#8221;1.4em&#8221; hover_enabled=&#8221;0&#8243; title_font_size_tablet=&#8221;&#8221; title_font_size_phone=&#8221;24px&#8221; title_font_size_last_edited=&#8221;on|phone&#8221; global_colors_info=&#8221;{}&#8221; theme_builder_area=&#8221;post_content&#8221; sticky_enabled=&#8221;0&#8243;][\/et_pb_heading][et_pb_text _builder_version=&#8221;4.27.4&#8243; _module_preset=&#8221;default&#8221; text_font_size=&#8221;16px&#8221; text_orientation=&#8221;center&#8221; width=&#8221;55%&#8221; width_tablet=&#8221;55%&#8221; width_phone=&#8221;100%&#8221; width_last_edited=&#8221;on|phone&#8221; module_alignment=&#8221;center&#8221; custom_margin=&#8221;-20px||||false|false&#8221; hover_enabled=&#8221;0&#8243; global_colors_info=&#8221;{}&#8221; theme_builder_area=&#8221;post_content&#8221; sticky_enabled=&#8221;0&#8243;]Takk for din interesse i v\u00e5r l\u00f8sning! Vi har mottatt informasjonen din, og en av v\u00e5re representanter vil snart kontakte deg p\u00e5 nummeret du oppga. Hvis du \u00f8nsker \u00e5 komme i kontakt med oss med \u00e9n gang, kan du gjerne n\u00e5 oss via WhatsApp p\u00e5 <a href=\"https:\/\/api.whatsapp.com\/send\/?phone=4794099191&amp;text&amp;type=phone_number&amp;app_absent=0\" rel=\"nofollow noopener\" target=\"_blank\">+47 940 99 191<\/a>.[\/et_pb_text][et_pb_heading title=&#8221;F\u00f8lg oss&#8221; _builder_version=&#8221;4.27.4&#8243; _module_preset=&#8221;default&#8221; title_font=&#8221;Ubuntu|700|||||||&#8221; title_text_align=&#8221;center&#8221; hover_enabled=&#8221;0&#8243; global_colors_info=&#8221;{}&#8221; theme_builder_area=&#8221;post_content&#8221; sticky_enabled=&#8221;0&#8243;][\/et_pb_heading][et_pb_social_media_follow icon_color=&#8221;#FFFFFF&#8221; use_icon_font_size=&#8221;on&#8221; _builder_version=&#8221;4.22.2&#8243; _module_preset=&#8221;default&#8221; background_enable_color=&#8221;off&#8221; text_orientation=&#8221;center&#8221; global_colors_info=&#8221;{}&#8221; theme_builder_area=&#8221;post_content&#8221;][et_pb_social_media_follow_network social_network=&#8221;facebook&#8221; url=&#8221;https:\/\/www.facebook.com\/Cabsoluit&#8221; _builder_version=&#8221;4.22.2&#8243; _module_preset=&#8221;default&#8221; background_color=&#8221;#FFC000&#8243; background_enable_color=&#8221;on&#8221; global_colors_info=&#8221;{}&#8221; follow_button=&#8221;off&#8221; url_new_window=&#8221;on&#8221; theme_builder_area=&#8221;post_content&#8221;]facebook[\/et_pb_social_media_follow_network][et_pb_social_media_follow_network social_network=&#8221;twitter&#8221; url=&#8221;https:\/\/twitter.com\/cabsoluit&#8221; _builder_version=&#8221;4.22.2&#8243; _module_preset=&#8221;default&#8221; background_color=&#8221;#FFC000&#8243; background_enable_color=&#8221;on&#8221; global_colors_info=&#8221;{}&#8221; follow_button=&#8221;off&#8221; url_new_window=&#8221;on&#8221; theme_builder_area=&#8221;post_content&#8221;]X[\/et_pb_social_media_follow_network][et_pb_social_media_follow_network social_network=&#8221;instagram&#8221; url=&#8221;https:\/\/www.instagram.com\/cabsoluit\/&#8221; _builder_version=&#8221;4.22.2&#8243; _module_preset=&#8221;default&#8221; background_color=&#8221;#FFC000&#8243; background_enable_color=&#8221;on&#8221; global_colors_info=&#8221;{}&#8221; follow_button=&#8221;off&#8221; url_new_window=&#8221;on&#8221; theme_builder_area=&#8221;post_content&#8221;]instagram[\/et_pb_social_media_follow_network][et_pb_social_media_follow_network social_network=&#8221;linkedin&#8221; url=&#8221;https:\/\/www.linkedin.com\/showcase\/cabsoluit\/&#8221; _builder_version=&#8221;4.22.2&#8243; _module_preset=&#8221;default&#8221; background_color=&#8221;#FFC000&#8243; background_enable_color=&#8221;on&#8221; global_colors_info=&#8221;{}&#8221; follow_button=&#8221;off&#8221; url_new_window=&#8221;on&#8221; theme_builder_area=&#8221;post_content&#8221;]linkedin[\/et_pb_social_media_follow_network][\/et_pb_social_media_follow][\/et_pb_column][\/et_pb_row][\/et_pb_section]<\/p>\n","protected":false},"excerpt":{"rendered":"<p>Takk for din interesse i v\u00e5r l\u00f8sning! Vi har mottatt informasjonen din, og en av v\u00e5re representanter vil snart kontakte deg p\u00e5 nummeret du oppga. Hvis du \u00f8nsker \u00e5 komme i kontakt med oss med \u00e9n gang, kan du gjerne n\u00e5 oss via WhatsApp p\u00e5 +47 940 99 191.<\/p>\n","protected":false},"author":1,"featured_media":0,"parent":0,"menu_order":0,"comment_status":"closed","ping_status":"closed","template":"","meta":{"_et_pb_use_builder":"on","_et_pb_old_content":"","_et_gb_content_width":"","inline_featured_image":false,"footnotes":""},"class_list":["post-415","page","type-page","status-publish","hentry"],"_links":{"self":[{"href":"https:\/\/cabsoluit.com\/no\/wp-json\/wp\/v2\/pages\/415"}],"collection":[{"href":"https:\/\/cabsoluit.com\/no\/wp-json\/wp\/v2\/pages"}],"about":[{"href":"https:\/\/cabsoluit.com\/no\/wp-json\/wp\/v2\/types\/page"}],"author":[{"embeddable":true,"href":"https:\/\/cabsoluit.com\/no\/wp-json\/wp\/v2\/users\/1"}],"replies":[{"embeddable":true,"href":"https:\/\/cabsoluit.com\/no\/wp-json\/wp\/v2\/comments?post=415"}],"version-history":[{"count":3,"href":"https:\/\/cabsoluit.com\/no\/wp-json\/wp\/v2\/pages\/415\/revisions"}],"predecessor-version":[{"id":418,"href":"https:\/\/cabsoluit.com\/no\/wp-json\/wp\/v2\/pages\/415\/revisions\/418"}],"wp:attachment":[{"href":"https:\/\/cabsoluit.com\/no\/wp-json\/wp\/v2\/media?parent=415"}],"curies":[{"name":"wp","href":"https:\/\/api.w.org\/{rel}","templated":true}]}}