{"id":24,"date":"2021-02-18T11:26:00","date_gmt":"2021-02-18T11:26:00","guid":{"rendered":"http:\/\/cabsoluit.com\/no\/?page_id=24"},"modified":"2024-07-01T05:06:26","modified_gmt":"2024-07-01T05:06:26","slug":"taksameter-pris","status":"publish","type":"page","link":"https:\/\/cabsoluit.com\/no\/taksameter-pris\/","title":{"rendered":"taksameter pris"},"content":{"rendered":"<p>[et_pb_section fb_built=&#8221;1&#8243; _builder_version=&#8221;4.16&#8243; _module_preset=&#8221;default&#8221; background_color=&#8221;#fec61c&#8221; global_colors_info=&#8221;{}&#8221;][et_pb_row _builder_version=&#8221;4.16&#8243; _module_preset=&#8221;default&#8221; global_colors_info=&#8221;{}&#8221;][et_pb_column type=&#8221;4_4&#8243; _builder_version=&#8221;4.16&#8243; _module_preset=&#8221;default&#8221; global_colors_info=&#8221;{}&#8221;][et_pb_text _builder_version=&#8221;4.25.2&#8243; _module_preset=&#8221;default&#8221; text_font=&#8221;Ubuntu|700|||||||&#8221; text_text_color=&#8221;#000000&#8243; text_font_size=&#8221;48px&#8221; text_line_height=&#8221;1.3em&#8221; custom_padding=&#8221;50px||||false|false&#8221; hover_enabled=&#8221;0&#8243; text_font_size_tablet=&#8221;&#8221; text_font_size_phone=&#8221;24px&#8221; text_font_size_last_edited=&#8221;on|phone&#8221; global_colors_info=&#8221;{}&#8221; sticky_enabled=&#8221;0&#8243;]<\/p>\n<p style=\"text-align: center;\">F\u00e5 mer enn bare en<br \/>taksameter<\/p>\n<p>[\/et_pb_text][et_pb_text _builder_version=&#8221;4.22.1&#8243; _module_preset=&#8221;default&#8221; text_text_color=&#8221;#ffffff&#8221; text_font_size=&#8221;18px&#8221; custom_padding=&#8221;||50px||false|false&#8221; global_colors_info=&#8221;{}&#8221;]<\/p>\n<p style=\"text-align: center;\">En l\u00f8sning som dekker alle dine behov. Ingen skjulte avgifter. En transparent taksameterpris<\/p>\n<p>[\/et_pb_text][\/et_pb_column][\/et_pb_row][\/et_pb_section][et_pb_section fb_built=&#8221;1&#8243; admin_label=&#8221;Pricing&#8221; _builder_version=&#8221;4.16&#8243; background_enable_color=&#8221;off&#8221; custom_padding=&#8221;90px|0px|90px|0px|true|&#8221; locked=&#8221;off&#8221; global_colors_info=&#8221;{}&#8221;][et_pb_row _builder_version=&#8221;4.16&#8243; _module_preset=&#8221;default&#8221; background_color=&#8221;#ffffff&#8221; custom_margin=&#8221;||||true|false&#8221; custom_padding=&#8221;0px|0px|0px|0px|true|true&#8221; global_colors_info=&#8221;{}&#8221;][et_pb_column type=&#8221;4_4&#8243; _builder_version=&#8221;4.16&#8243; _module_preset=&#8221;default&#8221; global_colors_info=&#8221;{}&#8221;][et_pb_code _builder_version=&#8221;4.22.1&#8243; _module_preset=&#8221;default&#8221; global_colors_info=&#8221;{}&#8221;]<!DOCTYPE html><!-- [et_pb_line_break_holder] --><html><!-- [et_pb_line_break_holder] --><head><!-- [et_pb_line_break_holder] --><meta name=\"viewport\" content=\"width=device-width, initial-scale=1.0\"><!-- [et_pb_line_break_holder] --><\/p>\n<style><!-- [et_pb_line_break_holder] -->* {<!-- [et_pb_line_break_holder] -->  box-sizing: border-box;<!-- [et_pb_line_break_holder] -->}<!-- [et_pb_line_break_holder] --><!-- [et_pb_line_break_holder] -->.columns {<!-- [et_pb_line_break_holder] -->  float: left;<!-- [et_pb_line_break_holder] -->  width: 50%;<!-- [et_pb_line_break_holder] -->  padding: 8px;<!-- [et_pb_line_break_holder] -->}<!-- [et_pb_line_break_holder] --><!-- [et_pb_line_break_holder] -->.price {<!-- [et_pb_line_break_holder] -->  list-style-type: none;<!-- [et_pb_line_break_holder] -->  border: 1px solid #eee;<!-- [et_pb_line_break_holder] -->  margin: 0;<!-- [et_pb_line_break_holder] -->  padding: 0;<!-- [et_pb_line_break_holder] -->  -webkit-transition: 0.3s;<!-- [et_pb_line_break_holder] -->  transition: 0.3s;<!-- [et_pb_line_break_holder] -->  <!-- [et_pb_line_break_holder] -->}<!-- [et_pb_line_break_holder] --><!-- [et_pb_line_break_holder] -->#left-area ul, .comment-content ul, .entry-content ul, .et-l--body ul, .et-l--footer ul, .et-l--header ul, body.et-pb-preview #main-content .container ul{<!-- [et_pb_line_break_holder] -->padding:0px;<!-- [et_pb_line_break_holder] -->}<!-- [et_pb_line_break_holder] --><!-- [et_pb_line_break_holder] -->.price:hover {<!-- [et_pb_line_break_holder] -->  box-shadow: 0 8px 12px 0 rgba(0,0,0,0.2)<!-- [et_pb_line_break_holder] -->}<!-- [et_pb_line_break_holder] --><!-- [et_pb_line_break_holder] -->.price .header {<!-- [et_pb_line_break_holder] -->  background-color: #ffc000;<!-- [et_pb_line_break_holder] -->  color: #000000;<!-- [et_pb_line_break_holder] -->  font-size: 25px;<!-- [et_pb_line_break_holder] -->  font-family: Montserrat;<!-- [et_pb_line_break_holder] -->}<!-- [et_pb_line_break_holder] --><!-- [et_pb_line_break_holder] -->.price li {<!-- [et_pb_line_break_holder] -->  border-bottom: 1px solid #eee;<!-- [et_pb_line_break_holder] -->  padding: 20px;<!-- [et_pb_line_break_holder] -->  text-align: center;<!-- [et_pb_line_break_holder] -->  list-style:none;<!-- [et_pb_line_break_holder] -->}<!-- [et_pb_line_break_holder] --><!-- [et_pb_line_break_holder] -->.price .grey {<!-- [et_pb_line_break_holder] -->  background-color: #eee;<!-- [et_pb_line_break_holder] -->  font-size: 16px;<!-- [et_pb_line_break_holder] -->}<!-- [et_pb_line_break_holder] --><!-- [et_pb_line_break_holder] -->.button {<!-- [et_pb_line_break_holder] -->  background-color: #ffc000;<!-- [et_pb_line_break_holder] -->  border: none;<!-- [et_pb_line_break_holder] -->  color: #000000;<!-- [et_pb_line_break_holder] -->  padding: 10px 25px;<!-- [et_pb_line_break_holder] -->  text-align: center;<!-- [et_pb_line_break_holder] -->  text-decoration: none;<!-- [et_pb_line_break_holder] -->  font-size: 18px;<!-- [et_pb_line_break_holder] -->}<!-- [et_pb_line_break_holder] --><!-- [et_pb_line_break_holder] -->@media only screen and (max-width: 600px) {<!-- [et_pb_line_break_holder] -->  .columns {<!-- [et_pb_line_break_holder] -->    width: 100%;<!-- [et_pb_line_break_holder] -->  }<!-- [et_pb_line_break_holder] -->}<!-- [et_pb_line_break_holder] --><\/style>\n<p><!-- [et_pb_line_break_holder] --><\/head><!-- [et_pb_line_break_holder] --><body data-rsssl=1 data-rsssl=1 data-rsssl=1><!-- [et_pb_line_break_holder] --><!-- [et_pb_line_break_holder] --><!-- [et_pb_line_break_holder] --><\/p>\n<div class=\"columns\"><!-- [et_pb_line_break_holder] -->  <\/p>\n<ul class=\"price\"><!-- [et_pb_line_break_holder] -->    <\/p>\n<li class=\"header\">Taksameter<\/li>\n<p><!-- [et_pb_line_break_holder] -->    <\/p>\n<li class=\"grey\">M\u00e5nedlig lisens<\/li>\n<p><!-- [et_pb_line_break_holder] -->    <\/p>\n<li style=\"font-size:42px; color:#000000; font-weight:800;\"> 1020,- kr <\/li>\n<p><!-- [et_pb_line_break_holder] -->    <\/p>\n<li>Lisens<\/li>\n<p><!-- [et_pb_line_break_holder] -->    <\/p>\n<li>QR betalingsl\u00f8sning<\/li>\n<p><!-- [et_pb_line_break_holder] -->    <\/p>\n<li>Klargjort for OT, TT, andre kort<\/li>\n<p><!-- [et_pb_line_break_holder] -->    <\/p>\n<li>Web portal<\/li>\n<p><!-- [et_pb_line_break_holder] -->    <\/p>\n<li>Takstoppsett<\/li>\n<p><!-- [et_pb_line_break_holder] -->    <\/p>\n<li>Navigasjon<\/li>\n<p><!-- [et_pb_line_break_holder] -->    <\/p>\n<li>Videooppl\u00e6ring<\/li>\n<p><!-- [et_pb_line_break_holder] -->    <\/p>\n<li>Fysisk feils\u00f8k<\/li>\n<p><!-- [et_pb_line_break_holder] -->    <\/p>\n<li>Support<\/li>\n<p><!-- [et_pb_line_break_holder] -->    <\/p>\n<li class=\"grey\"><a href=\"https:\/\/cabsoluit.com\/no\/kontakt\/\" class=\"button\">Kontakt oss<\/a><\/li>\n<p><!-- [et_pb_line_break_holder] -->  <\/ul>\n<p><!-- [et_pb_line_break_holder] --><\/div>\n<p><!-- [et_pb_line_break_holder] --><!-- [et_pb_line_break_holder] --><!-- [et_pb_line_break_holder] --><!-- [et_pb_line_break_holder] --><!-- [et_pb_line_break_holder] --><\/p>\n<div class=\"columns\"><!-- [et_pb_line_break_holder] -->  <\/p>\n<ul class=\"price\"><!-- [et_pb_line_break_holder] -->    <\/p>\n<li class=\"header\">Sentrall\u00f8sning<\/li>\n<p><!-- [et_pb_line_break_holder] -->    <\/p>\n<li class=\"grey\">Engangskostnad<\/li>\n<p><!-- [et_pb_line_break_holder] -->    <\/p>\n<li style=\"font-size:42px; color:#000000; font-weight:800;\"> 20 000,- kr <\/li>\n<p><!-- [et_pb_line_break_holder] -->    <\/p>\n<li>Sentrall\u00f8sning<\/li>\n<p><!-- [et_pb_line_break_holder] -->    <\/p>\n<li>Oppl\u00e6ring baksystem<\/li>\n<p><!-- [et_pb_line_break_holder] -->    <\/p>\n<li><!\u2013- [et_pb_br_holder] -\u2013><\/li>\n<p><!-- [et_pb_line_break_holder] -->    <\/p>\n<li><!\u2013- [et_pb_br_holder] -\u2013><\/li>\n<p><!-- [et_pb_line_break_holder] -->    <\/p>\n<li><!\u2013- [et_pb_br_holder] -\u2013><\/li>\n<p><!-- [et_pb_line_break_holder] -->    <\/p>\n<li><!\u2013- [et_pb_br_holder] -\u2013><\/li>\n<p><!-- [et_pb_line_break_holder] -->    <\/p>\n<li><!\u2013- [et_pb_br_holder] -\u2013><\/li>\n<p><!-- [et_pb_line_break_holder] -->    <\/p>\n<li><!\u2013- [et_pb_br_holder] -\u2013><\/li>\n<p><!-- [et_pb_line_break_holder] -->    <\/p>\n<li><!\u2013- [et_pb_br_holder] -\u2013><\/li>\n<p><!-- [et_pb_line_break_holder] -->    <\/p>\n<li class=\"grey\"><a href=\"https:\/\/cabsoluit.com\/no\/kontakt\/\" class=\"button\">Kontakt oss<\/a><\/li>\n<p><!-- [et_pb_line_break_holder] -->  <\/ul>\n<p><!-- [et_pb_line_break_holder] --><\/div>\n<p><!-- [et_pb_line_break_holder] --><!-- [et_pb_line_break_holder] --><\/body><!-- [et_pb_line_break_holder] --><\/html><!-- [et_pb_line_break_holder] -->[\/et_pb_code][\/et_pb_column][\/et_pb_row][\/et_pb_section][et_pb_section fb_built=&#8221;1&#8243; admin_label=&#8221;FAQ&#8221; _builder_version=&#8221;4.16&#8243; background_color=&#8221;#f0f0f0&#8243; custom_padding=&#8221;90px|0px|90px|0px&#8221; locked=&#8221;off&#8221; global_colors_info=&#8221;{}&#8221;][et_pb_row _builder_version=&#8221;4.16&#8243; background_size=&#8221;initial&#8221; background_position=&#8221;top_left&#8221; background_repeat=&#8221;repeat&#8221; custom_padding=&#8221;45px|0px||0px|false|false&#8221; custom_width_px=&#8221;710px&#8221; global_colors_info=&#8221;{}&#8221;][et_pb_column type=&#8221;4_4&#8243; _builder_version=&#8221;4.16&#8243; background_position=&#8221;top_left&#8221; custom_padding=&#8221;|||&#8221; global_colors_info=&#8221;{}&#8221; custom_padding__hover=&#8221;|||&#8221;][et_pb_text admin_label=&#8221;FAQ Section Title&#8221; _builder_version=&#8221;4.25.2&#8243; header_font=&#8221;Ubuntu|700|||||||&#8221; header_text_color=&#8221;#1f1f1f&#8221; header_font_size=&#8221;48px&#8221; text_orientation=&#8221;center&#8221; max_width=&#8221;710px&#8221; module_alignment=&#8221;center&#8221; animation_direction=&#8221;bottom&#8221; hover_enabled=&#8221;0&#8243; header_font_size_tablet=&#8221;&#8221; header_font_size_phone=&#8221;32px&#8221; header_font_size_last_edited=&#8221;on|phone&#8221; global_colors_info=&#8221;{}&#8221; sticky_enabled=&#8221;0&#8243;]<\/p>\n<h1 id='ofte-stilte-sp\u00f8rsm\u00e5l'  id=\"boomdevs_1\"><span>Ofte stilte sp\u00f8rsm\u00e5l<\/span><\/h1>\n<p>[\/et_pb_text][\/et_pb_column][\/et_pb_row][et_pb_row _builder_version=&#8221;4.16&#8243; _module_preset=&#8221;default&#8221; global_colors_info=&#8221;{}&#8221;][et_pb_column type=&#8221;4_4&#8243; _builder_version=&#8221;4.16&#8243; _module_preset=&#8221;default&#8221; global_colors_info=&#8221;{}&#8221;][et_pb_accordion open_toggle_text_color=&#8221;#000000&#8243; _builder_version=&#8221;4.25.2&#8243; _module_preset=&#8221;default&#8221; toggle_text_color=&#8221;#000000&#8243; toggle_font=&#8221;Ubuntu||||||||&#8221; body_font_size=&#8221;16px&#8221; hover_enabled=&#8221;0&#8243; toggle_line_height_tablet=&#8221;&#8221; toggle_line_height_phone=&#8221;1.4em&#8221; toggle_line_height_last_edited=&#8221;on|phone&#8221; custom_css_main_element=&#8221;.et_pb_toggle.et_pb_module.et_pb_accordion_item.et_pb_accordion_item_0.et_pb_toggle_open {||    display: none;||}&#8221; border_color_all=&#8221;#000000&#8243; global_colors_info=&#8221;{}&#8221; sticky_enabled=&#8221;0&#8243;][et_pb_accordion_item title=&#8221;Hva betyr det nye lovverket? &#8221; open=&#8221;on&#8221; open_toggle_text_color=&#8221;#000000&#8243; _builder_version=&#8221;4.16&#8243; _module_preset=&#8221;default&#8221; body_font=&#8221;||||||||&#8221; global_colors_info=&#8221;{}&#8221; toggle_font=&#8221;Poppins|700|||||||&#8221; toggle_font_size=&#8221;18px&#8221;]Det betyr at alle kan registrere et selskap, s\u00f8ke om l\u00f8yve og sette en bil i drift som taxi. Du kan hvis du vil.  <\/p>\n<p>Du kan ogs\u00e5 s\u00f8ke \u00e5 knytte deg til en sentral som allerede i dag bruker v\u00e5r l\u00f8sning. Det er da opp til aktuelle sentral \u00e5 godkjenne deg som l\u00f8yvehaver. [\/et_pb_accordion_item][et_pb_accordion_item title=&#8221;Hva betyr det nye lovverket? &#8221; open_toggle_text_color=&#8221;#000000&#8243; _builder_version=&#8221;4.16&#8243; _module_preset=&#8221;default&#8221; body_font=&#8221;||||||||&#8221; global_colors_info=&#8221;{}&#8221; toggle_font=&#8221;Poppins|700|||||||&#8221; toggle_font_size=&#8221;18px&#8221; open=&#8221;off&#8221;]Det betyr at alle kan registrere et selskap, s\u00f8ke om l\u00f8yve og sette en bil i drift som taxi. Du kan hvis du vil.  <\/p>\n<p>Du kan ogs\u00e5 s\u00f8ke \u00e5 knytte deg til en sentral som allerede i dag bruker v\u00e5r l\u00f8sning. Det er da opp til aktuelle sentral \u00e5 godkjenne deg som l\u00f8yvehaver. [\/et_pb_accordion_item][et_pb_accordion_item title=&#8221;Hva betyr det nye lovverket? &#8221; open_toggle_text_color=&#8221;#000000&#8243; _builder_version=&#8221;4.16&#8243; _module_preset=&#8221;default&#8221; body_font=&#8221;||||||||&#8221; global_colors_info=&#8221;{}&#8221; toggle_text_color=&#8221;#000000&#8243; toggle_font=&#8221;Poppins|700|||||||&#8221; toggle_font_size=&#8221;18px&#8221; open=&#8221;off&#8221;]\u2022 Det er fortsatt krav om taksameter i bilen. <\/p>\n<p>\u2022 Taxilampe er p\u00e5krevd. Taxilampe kreves ogs\u00e5 dersom du \u00f8nsker \u00e5 kj\u00f8re i kollektivfeltet. <\/p>\n<p>\u2022 Du kan bestemme selv din arbeidstid og egen uniform. <\/p>\n<p>\u2022 Du kan sette dine egne priser og du kan ha s\u00e5 mange drosjel\u00f8yver du \u00f8nsker. <\/p>\n<p>\u2022 Du kan jobbe over hele landet. <\/p>\n<p>\u2022 Bilen skal v\u00e6re forsikret som taxi. <\/p>\n<p>\u2022 Minimumsmerkingen p\u00e5 en drosje er l\u00f8yvenummeret p\u00e5 sided\u00f8rene. [\/et_pb_accordion_item][et_pb_accordion_item title=&#8221;Kan jeg bli en frittst\u00e5ende drosjeeier\/fri\u00e5ker?  &#8221; open_toggle_text_color=&#8221;#000000&#8243; _builder_version=&#8221;4.16&#8243; _module_preset=&#8221;default&#8221; body_font=&#8221;||||||||&#8221; global_colors_info=&#8221;{}&#8221; toggle_text_color=&#8221;#000000&#8243; toggle_font=&#8221;Poppins|700|||||||&#8221; toggle_font_size=&#8221;18px&#8221; open=&#8221;off&#8221;]Ja det kan du. \u00c5 v\u00e6re en fri\u00e5ker betyr at du ikke vil v\u00e6re koblet til noen drosjesentral, men det er krav om at du m\u00e5 ha MID-godkjent taksameter installert i drosjen din. [\/et_pb_accordion_item][et_pb_accordion_item title=&#8221;Kan jeg kj\u00f8pe taksameter i form av m\u00e5nedlige avdrag? &#8221; open_toggle_text_color=&#8221;#000000&#8243; _builder_version=&#8221;4.16&#8243; _module_preset=&#8221;default&#8221; body_font=&#8221;||||||||&#8221; global_colors_info=&#8221;{}&#8221; toggle_text_color=&#8221;#000000&#8243; toggle_font=&#8221;Poppins|700|||||||&#8221; toggle_font_size=&#8221;18px&#8221; open=&#8221;off&#8221;]Ja, det kan du. Cabsoluit har ulike pakker som kan tilpasses\u202fditt\u202fbehov. [\/et_pb_accordion_item][\/et_pb_accordion][\/et_pb_column][\/et_pb_row][\/et_pb_section]<\/p>\n","protected":false},"excerpt":{"rendered":"<p>F\u00e5 mer enn bare entaksameterEn l\u00f8sning som dekker alle dine behov. Ingen skjulte avgifter. En transparent taksameterprisOfte stilte sp\u00f8rsm\u00e5lDet betyr at alle kan registrere et selskap, s\u00f8ke om l\u00f8yve og sette en bil i drift som taxi. Du kan hvis du vil. Du kan ogs\u00e5 s\u00f8ke \u00e5 knytte deg til en sentral som allerede i [&hellip;]<\/p>\n","protected":false},"author":1,"featured_media":0,"parent":0,"menu_order":0,"comment_status":"closed","ping_status":"closed","template":"","meta":{"_et_pb_use_builder":"on","_et_pb_old_content":"","_et_gb_content_width":"","inline_featured_image":false,"footnotes":""},"class_list":["post-24","page","type-page","status-publish","hentry"],"_links":{"self":[{"href":"https:\/\/cabsoluit.com\/no\/wp-json\/wp\/v2\/pages\/24"}],"collection":[{"href":"https:\/\/cabsoluit.com\/no\/wp-json\/wp\/v2\/pages"}],"about":[{"href":"https:\/\/cabsoluit.com\/no\/wp-json\/wp\/v2\/types\/page"}],"author":[{"embeddable":true,"href":"https:\/\/cabsoluit.com\/no\/wp-json\/wp\/v2\/users\/1"}],"replies":[{"embeddable":true,"href":"https:\/\/cabsoluit.com\/no\/wp-json\/wp\/v2\/comments?post=24"}],"version-history":[{"count":34,"href":"https:\/\/cabsoluit.com\/no\/wp-json\/wp\/v2\/pages\/24\/revisions"}],"predecessor-version":[{"id":397,"href":"https:\/\/cabsoluit.com\/no\/wp-json\/wp\/v2\/pages\/24\/revisions\/397"}],"wp:attachment":[{"href":"https:\/\/cabsoluit.com\/no\/wp-json\/wp\/v2\/media?parent=24"}],"curies":[{"name":"wp","href":"https:\/\/api.w.org\/{rel}","templated":true}]}}