{"id":130,"date":"2021-07-14T06:38:12","date_gmt":"2021-07-14T06:38:12","guid":{"rendered":"http:\/\/cabsoluit.com\/no\/?page_id=130"},"modified":"2024-10-11T10:31:40","modified_gmt":"2024-10-11T10:31:40","slug":"faqs","status":"publish","type":"page","link":"https:\/\/cabsoluit.com\/no\/faqs\/","title":{"rendered":"FAQs"},"content":{"rendered":"<p>[et_pb_section fb_built=&#8221;1&#8243; admin_label=&#8221;Articles&#8221; _builder_version=&#8221;4.16&#8243; global_colors_info=&#8221;{}&#8221;][et_pb_row _builder_version=&#8221;4.16&#8243; locked=&#8221;off&#8221; global_colors_info=&#8221;{}&#8221;][et_pb_column type=&#8221;4_4&#8243; _builder_version=&#8221;4.16&#8243; global_colors_info=&#8221;{}&#8221;][et_pb_text _builder_version=&#8221;4.22.1&#8243; text_font_size=&#8221;16px&#8221; text_line_height=&#8221;1.8em&#8221; header_2_font=&#8221;Ubuntu|700|||||||&#8221; header_2_font_size=&#8221;50px&#8221; header_2_line_height=&#8221;1.2em&#8221; text_orientation=&#8221;center&#8221; max_width=&#8221;800px&#8221; module_alignment=&#8221;center&#8221; header_2_font_size_tablet=&#8221;40px&#8221; header_2_font_size_phone=&#8221;30px&#8221; header_2_font_size_last_edited=&#8221;on|desktop&#8221; locked=&#8221;off&#8221; global_colors_info=&#8221;{}&#8221;]<\/p>\n<h2 id='de-vanligste-sp\u00f8rsm\u00e5lene-om-taksameter'  id=\"boomdevs_1\"><strong>De Vanligste Sp\u00f8rsm\u00e5lene om Taksameter<\/strong><\/h2>\n<p>[\/et_pb_text][\/et_pb_column][\/et_pb_row][\/et_pb_section][et_pb_section fb_built=&#8221;1&#8243; admin_label=&#8221;Articles&#8221; _builder_version=&#8221;4.22.1&#8243; custom_margin_tablet=&#8221;&#8221; custom_margin_phone=&#8221;-90px||||false|false&#8221; custom_margin_last_edited=&#8221;on|phone&#8221; locked=&#8221;off&#8221; global_colors_info=&#8221;{}&#8221;][et_pb_row column_structure=&#8221;1_2,1_2&#8243; _builder_version=&#8221;4.22.1&#8243; global_colors_info=&#8221;{}&#8221;][et_pb_column type=&#8221;1_2&#8243; _builder_version=&#8221;4.16&#8243; global_colors_info=&#8221;{}&#8221;][et_pb_text _builder_version=&#8221;4.22.1&#8243; header_3_font=&#8221;Ubuntu|700|||||||&#8221; header_3_font_size=&#8221;24px&#8221; header_3_line_height=&#8221;1.2em&#8221; header_3_font_size_tablet=&#8221;&#8221; header_3_font_size_phone=&#8221;20px&#8221; header_3_font_size_last_edited=&#8221;on|desktop&#8221; locked=&#8221;off&#8221; global_colors_info=&#8221;{}&#8221;]<\/p>\n<h3 id='hva-er-prisen-p\u00e5-et-taksameter'  id=\"boomdevs_2\"><strong>Hva er prisen p\u00e5 et taksameter?<\/strong><\/h3>\n<p><span style=\"font-weight: 400;\">&#8211;<\/span><span style=\"font-weight: 400;\">\u00a0 <\/span><span style=\"font-weight: 400;\">Kr 24 000 uten terminal (eks mva)<\/span><\/p>\n<p><span style=\"font-weight: 400;\">&#8211;<\/span><span style=\"font-weight: 400;\">\u00a0 <\/span><span style=\"font-weight: 400;\">Kr 28 000 med terminal (eks mva)<\/span><\/p>\n<p>[\/et_pb_text][\/et_pb_column][et_pb_column type=&#8221;1_2&#8243; _builder_version=&#8221;4.16&#8243; global_colors_info=&#8221;{}&#8221;][et_pb_text _builder_version=&#8221;4.22.1&#8243; text_font_size=&#8221;16px&#8221; text_line_height=&#8221;1.8em&#8221; header_3_font=&#8221;Ubuntu|700|||||||&#8221; header_3_font_size=&#8221;24px&#8221; header_3_line_height=&#8221;1.2em&#8221; header_3_font_size_tablet=&#8221;&#8221; header_3_font_size_phone=&#8221;20px&#8221; header_3_font_size_last_edited=&#8221;on|desktop&#8221; locked=&#8221;off&#8221; global_colors_info=&#8221;{}&#8221;]<\/p>\n<h3 id='kan-jeg-kj\u00f8re-uber-med-dette-taksameteret'  id=\"boomdevs_3\"><strong>Kan jeg kj\u00f8re Uber med dette taksameteret?<\/strong><\/h3>\n<p>Ja, det kan du, med full brukerst\u00f8tte fra oss.<\/p>\n<p>[\/et_pb_text][\/et_pb_column][\/et_pb_row][et_pb_row column_structure=&#8221;1_2,1_2&#8243; _builder_version=&#8221;4.16&#8243; global_colors_info=&#8221;{}&#8221;][et_pb_column type=&#8221;1_2&#8243; _builder_version=&#8221;4.16&#8243; global_colors_info=&#8221;{}&#8221;][et_pb_text _builder_version=&#8221;4.22.1&#8243; header_3_font=&#8221;Ubuntu|700|||||||&#8221; header_3_font_size=&#8221;24px&#8221; header_3_line_height=&#8221;1.2em&#8221; header_3_font_size_tablet=&#8221;&#8221; header_3_font_size_phone=&#8221;20px&#8221; header_3_font_size_last_edited=&#8221;on|desktop&#8221; locked=&#8221;off&#8221; global_colors_info=&#8221;{}&#8221;]<\/p>\n<h3 id='kan-jeg-kj\u00f8re-selvstendig'  id=\"boomdevs_4\"><strong>Kan jeg kj\u00f8re selvstendig?<\/strong><\/h3>\n<p>Ja, du kan kj\u00f8re selvstendig uten \u00e5 v\u00e6re koblet til en sentral<\/p>\n<p>Dette gj\u00f8r du ved \u00e5 kj\u00f8pe et taksameter, som blir ditt eget. Da styrer du din egen hverdag!<\/p>\n<p>Du m\u00e5 kun betale en m\u00e5nedlig lisensavgift p\u00e5 950 kr for at taksameteret skal v\u00e6re i drift.<\/p>\n<p>[\/et_pb_text][\/et_pb_column][et_pb_column type=&#8221;1_2&#8243; _builder_version=&#8221;4.16&#8243; global_colors_info=&#8221;{}&#8221;][et_pb_text _builder_version=&#8221;4.22.1&#8243; header_font=&#8221;Ubuntu||||||||&#8221; header_3_font=&#8221;Ubuntu|700|||||||&#8221; header_3_font_size=&#8221;24px&#8221; header_3_line_height=&#8221;1.2em&#8221; header_3_font_size_tablet=&#8221;&#8221; header_3_font_size_phone=&#8221;20px&#8221; header_3_font_size_last_edited=&#8221;on|desktop&#8221; locked=&#8221;off&#8221; global_colors_info=&#8221;{}&#8221;]<\/p>\n<h3 id='er-taklampe-n\u00f8dvendig-for-en-selvstendig-sj\u00e5f\u00f8r'  id=\"boomdevs_5\"><strong>Er taklampe n\u00f8dvendig for en selvstendig sj\u00e5f\u00f8r?<\/strong><\/h3>\n<p>Nei, taklampe er ikke n\u00f8dvendig for en selvstendig sj\u00e5f\u00f8r, da du ikke er tilkoblet en sentral.<\/p>\n<p>[\/et_pb_text][\/et_pb_column][\/et_pb_row][\/et_pb_section][et_pb_section fb_built=&#8221;1&#8243; admin_label=&#8221;Articles&#8221; _builder_version=&#8221;4.22.1&#8243; min_height=&#8221;224px&#8221; custom_margin=&#8221;-38px||||false|false&#8221; custom_padding=&#8221;||0px||false|false&#8221; locked=&#8221;off&#8221; global_colors_info=&#8221;{}&#8221;][et_pb_row column_structure=&#8221;1_2,1_2&#8243; _builder_version=&#8221;4.16&#8243; min_height=&#8221;195.4px&#8221; custom_padding=&#8221;0px|||||&#8221; global_colors_info=&#8221;{}&#8221;][et_pb_column type=&#8221;1_2&#8243; _builder_version=&#8221;4.16&#8243; global_colors_info=&#8221;{}&#8221;][et_pb_text _builder_version=&#8221;4.22.1&#8243; header_3_font=&#8221;Ubuntu|700|||||||&#8221; header_3_font_size=&#8221;24px&#8221; header_3_line_height=&#8221;1.2em&#8221; header_3_font_size_tablet=&#8221;&#8221; header_3_font_size_phone=&#8221;20px&#8221; header_3_font_size_last_edited=&#8221;on|desktop&#8221; locked=&#8221;off&#8221; global_colors_info=&#8221;{}&#8221;]<\/p>\n<h3 id='hvilke-nedbetalingsm\u00e5ter-tilbyr-dere'  id=\"boomdevs_6\"><strong>Hvilke nedbetalingsm\u00e5ter tilbyr dere?<\/strong><\/h3>\n<p>N\u00e5r du kj\u00f8per et taksameter kan du betale alt p\u00e5 \u00e9n gang eller med m\u00e5nedlig nedbetaling.<\/p>\n<p>[\/et_pb_text][\/et_pb_column][et_pb_column type=&#8221;1_2&#8243; _builder_version=&#8221;4.16&#8243; global_colors_info=&#8221;{}&#8221;][et_pb_text _builder_version=&#8221;4.22.1&#8243; header_3_font=&#8221;Ubuntu|700|||||||&#8221; header_3_font_size=&#8221;24px&#8221; header_3_line_height=&#8221;1.2em&#8221; custom_margin=&#8221;-135px||||false|false&#8221; custom_margin_tablet=&#8221;&#8221; custom_margin_phone=&#8221;0px||||false|false&#8221; custom_margin_last_edited=&#8221;on|phone&#8221; header_3_font_size_tablet=&#8221;&#8221; header_3_font_size_phone=&#8221;20px&#8221; header_3_font_size_last_edited=&#8221;on|desktop&#8221; locked=&#8221;off&#8221; global_colors_info=&#8221;{}&#8221;]<\/p>\n<h3 id='hvis-jeg-kun-\u00f8nsker-\u00e5-kj\u00f8re-helger-burde-jeg-da-kj\u00f8pe-et-taksameter'  id=\"boomdevs_7\"><strong>Hvis jeg kun \u00f8nsker \u00e5 kj\u00f8re helger, burde jeg da kj\u00f8pe et taksameter?<\/strong><\/h3>\n<p>Du m\u00e5 ha et taksameter for \u00e5 kunne kj\u00f8re selvstendig. Om du velger \u00e5 kj\u00f8re i ukedager eller helger er opp til deg, du er din egen sjef!<\/p>\n<p>[\/et_pb_text][et_pb_text _builder_version=&#8221;4.22.1&#8243; header_3_font=&#8221;Ubuntu|700|||||||&#8221; header_3_font_size=&#8221;24px&#8221; header_3_line_height=&#8221;1.2em&#8221; min_height=&#8221;400px&#8221; custom_padding=&#8221;38px||0px||false|false&#8221; header_3_font_size_tablet=&#8221;&#8221; header_3_font_size_phone=&#8221;20px&#8221; header_3_font_size_last_edited=&#8221;on|desktop&#8221; locked=&#8221;off&#8221; global_colors_info=&#8221;{}&#8221;]<\/p>\n<h3 id='har-dere-brukerst\u00f8tte'  id=\"boomdevs_8\"><strong>Har dere brukerst\u00f8tte?<\/strong><\/h3>\n<p>Ja, vi tilbyr full brukerst\u00f8tte d\u00f8gnet rundt.<\/p>\n<p>[\/et_pb_text][\/et_pb_column][\/et_pb_row][\/et_pb_section][et_pb_section fb_built=&#8221;1&#8243; custom_padding_last_edited=&#8221;off|desktop&#8221; admin_label=&#8221;Subscribe&#8221; _builder_version=&#8221;4.16&#8243; use_background_color_gradient=&#8221;on&#8221; background_color_gradient_stops=&#8221;#f7f5ff 0%|#ffffff 100%&#8221; background_color_gradient_start=&#8221;#f7f5ff&#8221; background_color_gradient_end=&#8221;#ffffff&#8221; background_image=&#8221;https:\/\/cabsoluit.com\/no\/wp-content\/uploads\/sites\/2\/2021\/07\/mobile-app_49.png&#8221; custom_margin=&#8221;-245px|||||&#8221; custom_padding=&#8221;0px|||||&#8221; custom_padding_phone=&#8221;50px||50px||true|false&#8221; locked=&#8221;off&#8221; global_colors_info=&#8221;{}&#8221;][et_pb_row _builder_version=&#8221;4.16&#8243; width=&#8221;90%&#8221; max_width=&#8221;90%&#8221; global_colors_info=&#8221;{}&#8221;][et_pb_column type=&#8221;4_4&#8243; _builder_version=&#8221;4.16&#8243; global_colors_info=&#8221;{}&#8221;][et_pb_text _builder_version=&#8221;4.22.1&#8243; text_font_size=&#8221;16px&#8221; text_line_height=&#8221;1.8em&#8221; header_2_font=&#8221;Ubuntu|700|||||||&#8221; header_2_font_size=&#8221;50px&#8221; header_2_line_height=&#8221;1.2em&#8221; max_width_last_edited=&#8221;off|desktop&#8221; header_2_font_size_tablet=&#8221;40px&#8221; header_2_font_size_phone=&#8221;30px&#8221; header_2_font_size_last_edited=&#8221;on|desktop&#8221; locked=&#8221;off&#8221; global_colors_info=&#8221;{}&#8221;]<\/p>\n<h2 id='a\u00fan-tienes-una-pregunta'  id=\"boomdevs_9\" style=\"text-align: center;\">A\u00fan tienes una pregunta?<\/h2>\n<p>[\/et_pb_text][et_pb_code _builder_version=&#8221;4.27.0&#8243; _module_preset=&#8221;default&#8221; hover_enabled=&#8221;0&#8243; global_colors_info=&#8221;{}&#8221; sticky_enabled=&#8221;0&#8243;]\n<div class=\"wpcf7 no-js\" id=\"wpcf7-f277-o1\" lang=\"en-US\" dir=\"ltr\" data-wpcf7-id=\"277\">\n<div class=\"screen-reader-response\"><p role=\"status\" aria-live=\"polite\" aria-atomic=\"true\"><\/p> <ul><\/ul><\/div>\n<form action=\"\/no\/wp-json\/wp\/v2\/pages\/130#wpcf7-f277-o1\" method=\"post\" class=\"wpcf7-form init\" aria-label=\"Contact form\" novalidate=\"novalidate\" data-status=\"init\">\n<div style=\"display: none;\">\n<input type=\"hidden\" name=\"_wpcf7\" value=\"277\" \/>\n<input type=\"hidden\" name=\"_wpcf7_version\" value=\"6.0.6\" \/>\n<input type=\"hidden\" name=\"_wpcf7_locale\" value=\"en_US\" \/>\n<input type=\"hidden\" name=\"_wpcf7_unit_tag\" value=\"wpcf7-f277-o1\" \/>\n<input type=\"hidden\" name=\"_wpcf7_container_post\" value=\"0\" \/>\n<input type=\"hidden\" name=\"_wpcf7_posted_data_hash\" value=\"\" \/>\n<input type=\"hidden\" name=\"_wpcf7_recaptcha_response\" value=\"\" \/>\n<\/div>\n<div class=\"container\">\n\t<div class=\"container_1\">\n\t\t<div class=\"Email\">\n\t\t\t<p><label><span style=\"color:#000; font-size:16px;\"> E-post<\/span><br \/>\n<span class=\"wpcf7-form-control-wrap\" data-name=\"your-email\"><input size=\"40\" maxlength=\"400\" class=\"wpcf7-form-control wpcf7-email wpcf7-validates-as-required wpcf7-text wpcf7-validates-as-email\" autocomplete=\"email\" aria-required=\"true\" aria-invalid=\"false\" value=\"\" type=\"email\" name=\"your-email\" \/><\/span> <\/label>\n\t\t\t<\/p>\n\t\t<\/div>\n\t\t<div class=\"Phone\">\n\t\t\t<p><label> <span style=\"color:#000; font-size:16px;\"> Telefonnummer <\/span><br \/>\n<span class=\"wpcf7-form-control-wrap\" data-name=\"phonetext\"><input size=\"40\" class=\"wpcf7-form-control wpcf7-phonetext wpcf7-validates-as-required wpcf7-text wpcf7-validates-as-phonetext\" data-numberonly=\"true\" aria-required=\"true\" aria-invalid=\"false\" value=\"\" type=\"text\" name=\"phonetext\" \/><input type=\"hidden\" name=\"phonetext-country-code\" class=\"wpcf7-phonetext-country-code\" \/><\/span><\/label>\n\t\t\t<\/p>\n\t\t<\/div>\n\t\t<div class=\"Name\">\n\t\t\t<p><label> <span style=\"color:#000; font-size:16px;\"> Navn <\/span><br \/>\n<span class=\"wpcf7-form-control-wrap\" data-name=\"first-name\"><input size=\"40\" maxlength=\"30\" minlength=\"5\" class=\"wpcf7-form-control wpcf7-text wpcf7-validates-as-required\" autocomplete=\"name\" aria-required=\"true\" aria-invalid=\"false\" value=\"\" type=\"text\" name=\"first-name\" \/><\/span> <\/label>\n\t\t\t<\/p>\n\t\t<\/div>\n\t<\/div>\n\t<div class=\"container_2\">\n\t\t<div class=\"Business-type\">\n\t\t\t<p><label> <span style=\"color:#000; font-size:16px;\"> Forretnings type <\/span><br \/>\n<span class=\"wpcf7-form-control-wrap\" data-name=\"menu-217\"><select class=\"wpcf7-form-control wpcf7-select wpcf7-validates-as-required\" aria-required=\"true\" aria-invalid=\"false\" name=\"menu-217\"><option value=\"\">&#8212;Please choose an option&#8212;<\/option><option value=\"Drosjebestilling \/ Kj\u00f8retjeneste\">Drosjebestilling \/ Kj\u00f8retjeneste<\/option><option value=\"Delivery\">Delivery<\/option><option value=\"Taxisentral\">Taxisentral<\/option><option value=\"Takstameter\">Takstameter<\/option><option value=\"Leie-Limo Tjenester\">Leie-Limo Tjenester<\/option><\/select><\/span><\/label>\n\t\t\t<\/p>\n\t\t<\/div>\n\t\t<div class=\"Social\">\n\t\t\t<p><label> <span style=\"color:#000; font-size:16px;\"> Hvordan l\u00e6rte du om os? <\/span><br \/>\n<span class=\"wpcf7-form-control-wrap\" data-name=\"menu\"><select class=\"wpcf7-form-control wpcf7-select wpcf7-validates-as-required\" aria-required=\"true\" aria-invalid=\"false\" name=\"menu\"><option value=\"\">&#8212;Please choose an option&#8212;<\/option><option value=\"Facebook\">Facebook<\/option><option value=\"Google\">Google<\/option><option value=\"LinkedIn\">LinkedIn<\/option><option value=\"Instagram\">Instagram<\/option><option value=\"Twitter\">Twitter<\/option><\/select><\/span><\/label>\n\t\t\t<\/p>\n\t\t<\/div>\n\t\t<div class=\"Empty\">\n\t\t\t<p><label> <span style=\"color:#000; font-size:16px;\"> Org nr <\/span><br \/>\n<span class=\"wpcf7-form-control-wrap\" data-name=\"text-406\"><input size=\"40\" maxlength=\"400\" class=\"wpcf7-form-control wpcf7-text\" aria-invalid=\"false\" placeholder=\"Org nr\" value=\"\" type=\"text\" name=\"text-406\" \/><\/span><\/label>\n\t\t\t<\/p>\n\t\t<\/div>\n\t<\/div>\n\t<div class=\"contanier_3\">\n\t\t<div class=\"Vehicles\">\n\t\t\t<p><label> <span style=\"color:#000; font-size:16px;\"> Antal k\u00f8ret\u00f8jer<br \/>\n<span class=\"wpcf7-form-control-wrap\" data-name=\"radio-714\"><span class=\"wpcf7-form-control wpcf7-radio\"><span class=\"wpcf7-list-item first\"><label><input type=\"radio\" name=\"radio-714\" value=\"1+\" \/><span class=\"wpcf7-list-item-label\">1+<\/span><\/label><\/span><span class=\"wpcf7-list-item\"><label><input type=\"radio\" name=\"radio-714\" value=\"10+\" \/><span class=\"wpcf7-list-item-label\">10+<\/span><\/label><\/span><span class=\"wpcf7-list-item\"><label><input type=\"radio\" name=\"radio-714\" value=\"50+\" \/><span class=\"wpcf7-list-item-label\">50+<\/span><\/label><\/span><span class=\"wpcf7-list-item\"><label><input type=\"radio\" name=\"radio-714\" value=\"100+\" \/><span class=\"wpcf7-list-item-label\">100+<\/span><\/label><\/span><span class=\"wpcf7-list-item last\"><label><input type=\"radio\" name=\"radio-714\" value=\"500+\" \/><span class=\"wpcf7-list-item-label\">500+<\/span><\/label><\/span><\/span><\/span><\/span> <\/label>\n\t\t\t<\/p>\n\t\t<\/div>\n\t\t<div class=\"Condition\">\n\t\t\t<p><span class=\"wpcf7-form-control-wrap\" data-name=\"acceptance-629\"><span class=\"wpcf7-form-control wpcf7-acceptance optional\"><span class=\"wpcf7-list-item\"><label><input type=\"checkbox\" name=\"acceptance-629\" value=\"1\" aria-invalid=\"false\" \/><span class=\"wpcf7-list-item-label\">Jeg accepterer vilk\u00e5rene i Cabsoluits vilk\u00e5r og betingelser og\n <a href=\"https:\/\/cabsoluit.com\/privacy-policy\/\" style=\"color:blue;\"> Fortrolighedspolitik <\/a> og at modtage lejlighedsvis e-mail-indhold fra Cabsoluit<\/span><\/label><\/span><\/span><\/span>\n\t\t\t<\/p>\n\t\t<\/div>\n\t<\/div>\n<input class=\"wpcf7-form-control wpcf7-hidden\" value=\"\" type=\"hidden\" name=\"url\" \/>\n<span class=\"wpcf7-form-control-wrap recaptcha\" data-name=\"recaptcha\"><span data-sitekey=\"6LfM5wgsAAAAAOBw9bPpKMNfar6ipeKaQkS6rvJB\" class=\"wpcf7-form-control wpcf7-recaptcha g-recaptcha\"><\/span>\r\n<noscript>\r\n\t<div class=\"grecaptcha-noscript\">\r\n\t\t<iframe loading=\"lazy\" src=\"https:\/\/www.google.com\/recaptcha\/api\/fallback?k=6LfM5wgsAAAAAOBw9bPpKMNfar6ipeKaQkS6rvJB\" frameborder=\"0\" scrolling=\"no\" width=\"310\" height=\"430\">\r\n\t\t<\/iframe>\r\n\t\t<textarea name=\"g-recaptcha-response\" rows=\"3\" cols=\"40\" placeholder=\"reCaptcha Response Here\">\r\n\t\t<\/textarea>\r\n\t<\/div>\r\n<\/noscript>\r\n<\/span>\n\t<p><input class=\"wpcf7-form-control wpcf7-submit has-spinner\" type=\"submit\" value=\"Indsend\" \/>\n\t<\/p>\n<\/div>\n<p><script>\n\njQuery(document).ready(function(){\nvar url = window.location.href; \nconsole.log(\"url\"+url);\t\t \njQuery('input.wpcf7-form-control.wpcf7-hidden').attr(\"value\",url) ; \t\n }); \t\n<\/script>\n<\/p>\n<style>\n.container_1{\ndisplay:flex;\ncolumn-gap: 20px;\n}\n\n.container_2{\ndisplay:flex;\ncolumn-gap: 20px;\nwidth:100% !important;\nmargin-top:15px;\n}\n\n.container_3{\ndisplay:flex;\n}\n\n\n.Email input.wpcf7-form-control.wpcf7-text.wpcf7-email.wpcf7-validates-as-required.wpcf7-validates-as-email {\n background-color: #f0f0f0!important;\n padding: 10px;\n border-radius: 5px;\n border:1px solid #f0f0f0;\n color:#000000 !important;\n}\n\n\n.Phone input.wpcf7-form-control.wpcf7-text.wpcf7-phonetext.wpcf7-validates-as-required.wpcf7-validates-as-phonetext {\n background-color: #f0f0f0!important;\n padding-top: 10px;\n padding-bottom: 10px;\n border-radius: 5px;\n border:1px solid #f0f0f0;\n color:#000000 !important;\n\n}\n\n.Name input.wpcf7-form-control.wpcf7-text.wpcf7-validates-as-required {\n background-color: #f0f0f0 !important;\n padding: 10px;\n border-radius: 5px;\n border:1px solid #f0f0f0;\n color:#000000 !important;\n}\n\n\n.Business-type select.wpcf7-form-control.wpcf7-select.wpcf7-validates-as-required {\n background-color: #f0f0f0!important;\n padding: 10px;\n border-radius: 5px;\n border: 1px solid #f0f0f0;\n color: #000000 !important;\n width:100%;\n \n}\n\n.Social select.wpcf7-form-control.wpcf7-select.wpcf7-validates-as-required {\n background-color: #f0f0f0!important;\n padding: 10px;\n border-radius: 5px;\n border: 1px solid #f0f0f0;\n color: #000000 !important;\n width:100%;\n \n}\n.Empty input.wpcf7-form-control.wpcf7-text\n {\n background-color: #f0f0f0 !important;\n padding: 10px;\n border-radius: 5px;\n border: 1px solid #f0f0f0;\n color: #000000 !important;\n width: 100%;\n}\n\n.Business-type{\n width: 30.33%;\n}\n\n.Social{\nwidth: 30.33%;\n}\n\n.Vehicles {\n margin-top: 15px;\n}\n\n.Condition {\n margin-top: 15px;\n \/* padding: 0px !important; *\/\n}\n\n.wpcf7-list-item {\n display: inline-block;\n margin: 0 0 0 0em;\n}\n\ninput.wpcf7-form-control.has-spinner.wpcf7-submit {\n background-color: #FFC000!important;\n padding: 10px 30px;\n border-radius: 5px;\n border: 2px solid #FFC000;\n color: #ffffff !important;\n font-size: 16px;\n margin-top: 15px;\n}\n@media screen and (max-width: 782px){\n.container_1 {\n display: block;\n}\n.container_2 {\n display: block;\n}\n.Phone input.wpcf7-form-control.wpcf7-text.wpcf7-phonetext.wpcf7-validates-as-required.wpcf7-validates-as-phonetext {\n padding: 10px;\n width:100%;\n}\n.Business-type {\n width: 100%;\n}\n.Social {\n width: 100%;\n}\n.Email input.wpcf7-form-control.wpcf7-text.wpcf7-email.wpcf7-validates-as-required.wpcf7-validates-as-email {\n width: 100% !important;\n}\n.Name input.wpcf7-form-control.wpcf7-text.wpcf7-validates-as-required {\n width:100%;\n}\n}\n<\/style><p style=\"display: none !important;\" class=\"akismet-fields-container\" data-prefix=\"_wpcf7_ak_\"><label>&#916;<textarea name=\"_wpcf7_ak_hp_textarea\" cols=\"45\" rows=\"8\" maxlength=\"100\"><\/textarea><\/label><input type=\"hidden\" id=\"ak_js_1\" name=\"_wpcf7_ak_js\" value=\"227\"\/><script>document.getElementById( \"ak_js_1\" ).setAttribute( \"value\", ( new Date() ).getTime() );<\/script><\/p><div class=\"wpcf7-response-output\" aria-hidden=\"true\"><\/div>\n<\/form>\n<\/div>\n[\/et_pb_code][\/et_pb_column][\/et_pb_row][\/et_pb_section]<\/p>\n","protected":false},"excerpt":{"rendered":"<p>De Vanligste Sp\u00f8rsm\u00e5lene om TaksameterHva er prisen p\u00e5 et taksameter? &#8211;\u00a0 Kr 24 000 uten terminal (eks mva) &#8211;\u00a0 Kr 28 000 med terminal (eks mva)Kan jeg kj\u00f8re Uber med dette taksameteret? Ja, det kan du, med full brukerst\u00f8tte fra oss.Kan jeg kj\u00f8re selvstendig? Ja, du kan kj\u00f8re selvstendig uten \u00e5 v\u00e6re koblet til en [&hellip;]<\/p>\n","protected":false},"author":1,"featured_media":0,"parent":0,"menu_order":0,"comment_status":"closed","ping_status":"closed","template":"","meta":{"_et_pb_use_builder":"on","_et_pb_old_content":"","_et_gb_content_width":"","inline_featured_image":false,"footnotes":""},"class_list":["post-130","page","type-page","status-publish","hentry"],"_links":{"self":[{"href":"https:\/\/cabsoluit.com\/no\/wp-json\/wp\/v2\/pages\/130"}],"collection":[{"href":"https:\/\/cabsoluit.com\/no\/wp-json\/wp\/v2\/pages"}],"about":[{"href":"https:\/\/cabsoluit.com\/no\/wp-json\/wp\/v2\/types\/page"}],"author":[{"embeddable":true,"href":"https:\/\/cabsoluit.com\/no\/wp-json\/wp\/v2\/users\/1"}],"replies":[{"embeddable":true,"href":"https:\/\/cabsoluit.com\/no\/wp-json\/wp\/v2\/comments?post=130"}],"version-history":[{"count":18,"href":"https:\/\/cabsoluit.com\/no\/wp-json\/wp\/v2\/pages\/130\/revisions"}],"predecessor-version":[{"id":407,"href":"https:\/\/cabsoluit.com\/no\/wp-json\/wp\/v2\/pages\/130\/revisions\/407"}],"wp:attachment":[{"href":"https:\/\/cabsoluit.com\/no\/wp-json\/wp\/v2\/media?parent=130"}],"curies":[{"name":"wp","href":"https:\/\/api.w.org\/{rel}","templated":true}]}}