{"id":30,"date":"2022-01-11T15:29:52","date_gmt":"2022-01-11T15:29:52","guid":{"rendered":"http:\/\/cabsoluit.com\/fi\/?page_id=30"},"modified":"2024-07-01T05:34:30","modified_gmt":"2024-07-01T05:34:30","slug":"mid-hyvaksytty-taksimittari","status":"publish","type":"page","link":"https:\/\/cabsoluit.com\/fi\/mid-hyvaksytty-taksimittari\/","title":{"rendered":"MID &#8211; Hyv\u00e4ksytty Taksimittari"},"content":{"rendered":"<p>[et_pb_section fb_built=&#8221;1&#8243; admin_label=&#8221;Hero Section&#8221; _builder_version=&#8221;4.16&#8243; use_background_color_gradient=&#8221;on&#8221; background_color_gradient_stops=&#8221;#ffc000 0%|#e09900 100%&#8221; background_color_gradient_start=&#8221;#ffc000&#8243; background_color_gradient_end=&#8221;#e09900&#8243; custom_padding=&#8221;70px|0px|110px|0px||&#8221; locked=&#8221;off&#8221; global_colors_info=&#8221;{}&#8221;][et_pb_row column_structure=&#8221;2_5,3_5&#8243; _builder_version=&#8221;4.16&#8243; background_size=&#8221;initial&#8221; background_position=&#8221;top_left&#8221; background_repeat=&#8221;repeat&#8221; global_colors_info=&#8221;{}&#8221;][et_pb_column type=&#8221;2_5&#8243; _builder_version=&#8221;4.16&#8243; custom_padding=&#8221;60px|||&#8221; global_colors_info=&#8221;{}&#8221; custom_padding__hover=&#8221;|||&#8221;][et_pb_text _builder_version=&#8221;4.25.2&#8243; text_font=&#8221;||||||||&#8221; header_font=&#8221;Ubuntu||||||||&#8221; header_text_color=&#8221;#ffffff&#8221; header_font_size=&#8221;48px&#8221; header_line_height=&#8221;1.3em&#8221; custom_margin=&#8221;-25px||-19px||false|false&#8221; custom_padding=&#8221;||16px|||&#8221; hover_enabled=&#8221;0&#8243; global_colors_info=&#8221;{}&#8221; sticky_enabled=&#8221;0&#8243;]<\/p>\n<h1 id='mid-hyv\u00e4ksytty-taksimittari'  id=\"boomdevs_1\"><strong>MID -hyv\u00e4ksytty taksimittari<\/strong><\/h1>\n<pre class=\"tw-data-text tw-text-large XcVN5d tw-ta\" data-placeholder=\"Translation\" id=\"tw-target-text\" dir=\"ltr\"><span lang=\"no\"><\/span><\/pre>\n<p>[\/et_pb_text][et_pb_text _builder_version=&#8221;4.25.2&#8243; text_font=&#8221;Montserrat||||||||&#8221; text_text_color=&#8221;rgba(255,255,255,0.8)&#8221; text_font_size=&#8221;18px&#8221; text_line_height=&#8221;1.8em&#8221; custom_margin=&#8221;||34px|||&#8221; hover_enabled=&#8221;0&#8243; global_colors_info=&#8221;{}&#8221; sticky_enabled=&#8221;0&#8243;]<\/p>\n<p>Saat nyt MID -hyv\u00e4ksytyn taksimittarin ilman ylim\u00e4\u00e4r\u00e4ist\u00e4 vaivaa ja voit ajaa vapaasti. GPS:n kattavat ja edistyneet toiminnot, kuten et\u00e4isyyden laskentamittari ja tulostettu kuitti takaavat onnistumisen.<\/p>\n<p>[\/et_pb_text][et_pb_button button_url=&#8221;@ET-DC@eyJkeW5hbWljIjp0cnVlLCJjb250ZW50IjoicG9zdF9saW5rX3VybF9wYWdlIiwic2V0dGluZ3MiOnsicG9zdF9pZCI6IjM4In19@&#8221; button_text=&#8221;OTA YHTEYTT\u00c4 NYT&#8221; button_alignment=&#8221;left&#8221; button_alignment_tablet=&#8221;&#8221; button_alignment_phone=&#8221;center&#8221; button_alignment_last_edited=&#8221;on|phone&#8221; _builder_version=&#8221;4.22.1&#8243; _dynamic_attributes=&#8221;button_url&#8221; custom_button=&#8221;on&#8221; button_text_size=&#8221;14px&#8221; button_text_color=&#8221;#ffffff&#8221; button_bg_color=&#8221;rgba(0,0,0,0)&#8221; button_bg_use_color_gradient=&#8221;on&#8221; button_bg_color_gradient_direction=&#8221;90deg&#8221; button_bg_color_gradient_stops=&#8221;#111111 40%|#424242 100%&#8221; button_bg_color_gradient_start=&#8221;#111111&#8243; button_bg_color_gradient_start_position=&#8221;40%&#8221; button_bg_color_gradient_end=&#8221;#424242&#8243; button_border_width=&#8221;0px&#8221; button_border_color=&#8221;#111111&#8243; button_border_radius=&#8221;4px&#8221; button_letter_spacing=&#8221;5px&#8221; button_font=&#8221;Ubuntu|700||on|||||&#8221; background_layout=&#8221;dark&#8221; custom_margin=&#8221;|||&#8221; custom_padding=&#8221;18px|34px|18px|34px|true|true&#8221; box_shadow_style=&#8221;preset3&#8243; box_shadow_vertical=&#8221;10px&#8221; box_shadow_blur=&#8221;30px&#8221; box_shadow_spread=&#8221;-20px&#8221; box_shadow_color=&#8221;#111111&#8243; button_letter_spacing_hover=&#8221;0&#8243; global_colors_info=&#8221;{}&#8221; button_text_size__hover_enabled=&#8221;off&#8221; button_one_text_size__hover_enabled=&#8221;off&#8221; button_two_text_size__hover_enabled=&#8221;off&#8221; button_text_color__hover_enabled=&#8221;off&#8221; button_one_text_color__hover_enabled=&#8221;off&#8221; button_two_text_color__hover_enabled=&#8221;off&#8221; button_border_width__hover_enabled=&#8221;off&#8221; button_one_border_width__hover_enabled=&#8221;off&#8221; button_two_border_width__hover_enabled=&#8221;off&#8221; button_border_color__hover_enabled=&#8221;off&#8221; button_one_border_color__hover_enabled=&#8221;off&#8221; button_two_border_color__hover_enabled=&#8221;off&#8221; button_border_radius__hover_enabled=&#8221;off&#8221; button_one_border_radius__hover_enabled=&#8221;off&#8221; button_two_border_radius__hover_enabled=&#8221;off&#8221; button_letter_spacing__hover_enabled=&#8221;on&#8221; button_letter_spacing__hover=&#8221;5.5px&#8221; button_one_letter_spacing__hover_enabled=&#8221;off&#8221; button_two_letter_spacing__hover_enabled=&#8221;off&#8221; button_bg_color__hover_enabled=&#8221;off&#8221; button_one_bg_color__hover_enabled=&#8221;off&#8221; button_two_bg_color__hover_enabled=&#8221;off&#8221;][\/et_pb_button][\/et_pb_column][et_pb_column type=&#8221;3_5&#8243; _builder_version=&#8221;4.16&#8243; custom_padding=&#8221;|||&#8221; global_colors_info=&#8221;{}&#8221; custom_padding__hover=&#8221;|||&#8221;][et_pb_image src=&#8221;https:\/\/cabsoluit.com\/wp-content\/uploads\/2021\/01\/alberen-meter.jpg&#8221; title_text=&#8221;alberen-meter&#8221; _builder_version=&#8221;4.16&#8243; _module_preset=&#8221;default&#8221; custom_margin=&#8221;47px|||||&#8221; border_radii=&#8221;on|6px|6px|6px|6px&#8221; box_shadow_style=&#8221;preset1&#8243; box_shadow_vertical=&#8221;12px&#8221; box_shadow_blur=&#8221;25px&#8221; global_colors_info=&#8221;{}&#8221;][\/et_pb_image][\/et_pb_column][\/et_pb_row][\/et_pb_section][et_pb_section fb_built=&#8221;1&#8243; admin_label=&#8221;About Us Section&#8221; _builder_version=&#8221;4.16&#8243; custom_padding=&#8221;110px|0px|110px|0px&#8221; locked=&#8221;off&#8221; global_colors_info=&#8221;{}&#8221;][et_pb_row column_structure=&#8221;2_5,3_5&#8243; admin_label=&#8221;Row&#8221; _builder_version=&#8221;4.16&#8243; custom_padding=&#8221;|||&#8221; global_colors_info=&#8221;{}&#8221;][et_pb_column type=&#8221;2_5&#8243; _builder_version=&#8221;4.16&#8243; custom_padding=&#8221;|||&#8221; global_colors_info=&#8221;{}&#8221; custom_padding__hover=&#8221;|||&#8221;][et_pb_text _builder_version=&#8221;4.25.2&#8243; text_font=&#8221;||||||||&#8221; text_font_size=&#8221;16px&#8221; text_line_height=&#8221;2em&#8221; ul_font=&#8221;||||||||&#8221; header_font=&#8221;||||||||&#8221; header_font_size=&#8221;28px&#8221; header_2_font=&#8221;Ubuntu|700|||||||&#8221; header_2_font_size=&#8221;40px&#8221; header_2_line_height=&#8221;1.2em&#8221; header_3_font=&#8221;||||||||&#8221; max_width=&#8221;800px&#8221; max_width_last_edited=&#8221;off|desktop&#8221; module_alignment=&#8221;center&#8221; custom_margin=&#8221;60px||21px||false|false&#8221; custom_padding=&#8221;|||&#8221; hover_enabled=&#8221;0&#8243; header_2_font_size_tablet=&#8221;35px&#8221; header_2_font_size_phone=&#8221;28px&#8221; header_2_font_size_last_edited=&#8221;on|desktop&#8221; text_orientation_tablet=&#8221;&#8221; text_orientation_phone=&#8221;center&#8221; text_orientation_last_edited=&#8221;on|desktop&#8221; locked=&#8221;off&#8221; global_colors_info=&#8221;{}&#8221; sticky_enabled=&#8221;0&#8243;]<\/p>\n<h2 id='taksimittari-tekniikka-ja-sennus'  id=\"boomdevs_2\"><strong>Taksimittari \u2013 Tekniikka Ja Sennus<\/strong><\/h2>\n<p>[\/et_pb_text][et_pb_text _builder_version=&#8221;4.16&#8243; text_font=&#8221;||||||||&#8221; text_orientation_tablet=&#8221;&#8221; text_orientation_phone=&#8221;center&#8221; text_orientation_last_edited=&#8221;on|phone&#8221; global_colors_info=&#8221;{}&#8221;]Sen lis\u00e4ksi, ett\u00e4 saat laillisesti hyv\u00e4ksytyn MID t-taksimittarin, mutta me autamme sinua lis\u00e4ksi asennuksessa ja tuessa. Innovatiivinen, edullinen, korkealaatuinen ohjelmistomme tarjoaa pitk\u00e4aikaisia etuja.<\/p>\n<p>.[\/et_pb_text][\/et_pb_column][et_pb_column type=&#8221;3_5&#8243; _builder_version=&#8221;4.16&#8243; custom_padding=&#8221;|||&#8221; global_colors_info=&#8221;{}&#8221; custom_padding__hover=&#8221;|||&#8221;][et_pb_image src=&#8221;https:\/\/cabsoluit.com\/wp-content\/uploads\/2021\/02\/taximeter-car.jpg&#8221; title_text=&#8221;taximeter-car&#8221; _builder_version=&#8221;4.25.2&#8243; _module_preset=&#8221;default&#8221; custom_margin=&#8221;35px|||||&#8221; hover_enabled=&#8221;0&#8243; border_radii=&#8221;on|6px|6px|6px|6px&#8221; box_shadow_style=&#8221;preset1&#8243; box_shadow_vertical=&#8221;12px&#8221; box_shadow_blur=&#8221;25px&#8221; global_colors_info=&#8221;{}&#8221; sticky_enabled=&#8221;0&#8243;][\/et_pb_image][\/et_pb_column][\/et_pb_row][\/et_pb_section][et_pb_section fb_built=&#8221;1&#8243; admin_label=&#8221;Our Classes Section&#8221; _builder_version=&#8221;4.16&#8243; background_color=&#8221;#fafbfc&#8221; custom_padding=&#8221;90px|0px|110px|0px||&#8221; locked=&#8221;off&#8221; global_colors_info=&#8221;{}&#8221;][et_pb_row _builder_version=&#8221;4.16&#8243; global_colors_info=&#8221;{}&#8221;][et_pb_column type=&#8221;4_4&#8243; _builder_version=&#8221;4.16&#8243; custom_padding=&#8221;|||&#8221; global_colors_info=&#8221;{}&#8221; custom_padding__hover=&#8221;|||&#8221;][et_pb_text _builder_version=&#8221;4.25.2&#8243; text_font=&#8221;||||||||&#8221; text_font_size=&#8221;16px&#8221; text_line_height=&#8221;2em&#8221; ul_font=&#8221;||||||||&#8221; header_font=&#8221;||||||||&#8221; header_font_size=&#8221;28px&#8221; header_2_font=&#8221;Ubuntu|700|||||||&#8221; header_2_text_align=&#8221;center&#8221; header_2_font_size=&#8221;40px&#8221; header_2_line_height=&#8221;1.2em&#8221; header_3_font=&#8221;||||||||&#8221; text_orientation=&#8221;center&#8221; max_width_last_edited=&#8221;off|desktop&#8221; module_alignment=&#8221;center&#8221; custom_margin=&#8221;||40px|||&#8221; custom_padding=&#8221;|||&#8221; hover_enabled=&#8221;0&#8243; header_2_font_size_tablet=&#8221;35px&#8221; header_2_font_size_phone=&#8221;28px&#8221; header_2_font_size_last_edited=&#8221;on|desktop&#8221; text_orientation_tablet=&#8221;&#8221; text_orientation_phone=&#8221;center&#8221; text_orientation_last_edited=&#8221;on|desktop&#8221; locked=&#8221;off&#8221; global_colors_info=&#8221;{}&#8221; sticky_enabled=&#8221;0&#8243;]<\/p>\n<h2 id='joustava-taksimittariratkaisu'  id=\"boomdevs_3\"><strong><span>Joustava Taksimittariratkaisu<\/span><\/strong><\/h2>\n<p>[\/et_pb_text][\/et_pb_column][\/et_pb_row][et_pb_row column_structure=&#8221;1_3,1_3,1_3&#8243; use_custom_gutter=&#8221;on&#8221; gutter_width=&#8221;2&#8243; column_padding_mobile=&#8221;on&#8221; custom_padding_last_edited=&#8221;on|phone&#8221; admin_label=&#8221;Row&#8221; _builder_version=&#8221;4.16&#8243; background_size=&#8221;initial&#8221; background_position=&#8221;top_left&#8221; background_repeat=&#8221;repeat&#8221; custom_padding=&#8221;|||&#8221; custom_padding_tablet=&#8221;49px|||&#8221; custom_padding_phone=&#8221;19px|||&#8221; global_colors_info=&#8221;{}&#8221;][et_pb_column type=&#8221;1_3&#8243; _builder_version=&#8221;4.16&#8243; custom_padding=&#8221;|||&#8221; global_colors_info=&#8221;{}&#8221; custom_padding__hover=&#8221;|||&#8221;][et_pb_blurb title=&#8221;Kustannustehokas&#8221; image=&#8221;https:\/\/cabsoluit.com\/fi\/wp-content\/uploads\/sites\/4\/2023\/09\/profit.png&#8221; image_icon_width=&#8221;70px&#8221; admin_label=&#8221;Class&#8221; _builder_version=&#8221;4.25.2&#8243; header_font=&#8221;Ubuntu|600|||||||&#8221; header_text_align=&#8221;center&#8221; header_text_color=&#8221;#000000&#8243; header_font_size=&#8221;18px&#8221; header_line_height=&#8221;1.3em&#8221; body_font=&#8221;Montserrat||||||||&#8221; body_text_align=&#8221;center&#8221; body_text_color=&#8221;#486066&#8243; body_line_height=&#8221;1.8em&#8221; background_color=&#8221;#ffffff&#8221; height=&#8221;305px&#8221; custom_margin=&#8221;|||&#8221; custom_padding=&#8221;40px|30px|40px|30px&#8221; animation=&#8221;off&#8221; hover_enabled=&#8221;0&#8243; border_radii=&#8221;on|6px|6px|6px|6px&#8221; box_shadow_style=&#8221;preset1&#8243; box_shadow_blur=&#8221;70px&#8221; box_shadow_color=&#8221;rgba(110,130,208,0.18)&#8221; global_colors_info=&#8221;{}&#8221; sticky_enabled=&#8221;0&#8243;]<\/p>\n<p>Kustannustehokas laite kuljettajille, jotta he p\u00e4\u00e4sev\u00e4t p\u00e4\u00e4m\u00e4\u00e4riins\u00e4 GPS-pohjaisen sovelluksen avulla ja joka sis\u00e4lt\u00e4\u00e4 useita maksuvaihtoehtoja<\/p>\n<p>[\/et_pb_blurb][\/et_pb_column][et_pb_column type=&#8221;1_3&#8243; _builder_version=&#8221;4.16&#8243; custom_padding=&#8221;|||&#8221; global_colors_info=&#8221;{}&#8221; custom_padding__hover=&#8221;|||&#8221;][et_pb_blurb title=&#8221;Luotettava&#8221; image=&#8221;https:\/\/cabsoluit.com\/fi\/wp-content\/uploads\/sites\/4\/2023\/09\/quality-service.png&#8221; image_icon_width=&#8221;70px&#8221; admin_label=&#8221;Class&#8221; _builder_version=&#8221;4.25.2&#8243; header_font=&#8221;Ubuntu|600|||||||&#8221; header_text_align=&#8221;center&#8221; header_text_color=&#8221;#000000&#8243; header_font_size=&#8221;18px&#8221; header_line_height=&#8221;1.3em&#8221; body_font=&#8221;Montserrat||||||||&#8221; body_text_align=&#8221;center&#8221; body_text_color=&#8221;#486066&#8243; body_line_height=&#8221;1.8em&#8221; background_color=&#8221;#ffffff&#8221; height=&#8221;305px&#8221; custom_margin=&#8221;|||&#8221; custom_padding=&#8221;40px|30px|40px|30px&#8221; animation=&#8221;off&#8221; hover_enabled=&#8221;0&#8243; border_radii=&#8221;on|6px|6px|6px|6px&#8221; box_shadow_style=&#8221;preset1&#8243; box_shadow_blur=&#8221;70px&#8221; box_shadow_color=&#8221;rgba(110,130,208,0.18)&#8221; global_colors_info=&#8221;{}&#8221; sticky_enabled=&#8221;0&#8243;]<\/p>\n<p><span style=\"font-size: 14px;\">Saat luotettavan taksimittarilaitteen, jolla yll\u00e4pid\u00e4t asiakastyytyv\u00e4isyytt\u00e4<\/span><\/p>\n<p><span style=\"font-size: 14px;\"><\/span><\/p>\n<p>&nbsp;<\/p>\n<p>[\/et_pb_blurb][\/et_pb_column][et_pb_column type=&#8221;1_3&#8243; _builder_version=&#8221;4.16&#8243; custom_padding=&#8221;|||&#8221; global_colors_info=&#8221;{}&#8221; custom_padding__hover=&#8221;|||&#8221;][et_pb_blurb title=&#8221;Navigointi&#8221; image=&#8221;https:\/\/cabsoluit.com\/fi\/wp-content\/uploads\/sites\/4\/2023\/09\/destination.png&#8221; image_icon_width=&#8221;70px&#8221; admin_label=&#8221;Class&#8221; _builder_version=&#8221;4.25.2&#8243; header_font=&#8221;Ubuntu|600|||||||&#8221; header_text_align=&#8221;center&#8221; header_text_color=&#8221;#000000&#8243; header_font_size=&#8221;18px&#8221; header_line_height=&#8221;1.3em&#8221; body_font=&#8221;Montserrat||||||||&#8221; body_text_align=&#8221;center&#8221; body_text_color=&#8221;#486066&#8243; body_line_height=&#8221;1.8em&#8221; background_color=&#8221;#ffffff&#8221; height=&#8221;305px&#8221; custom_margin=&#8221;|||&#8221; custom_padding=&#8221;40px|30px|40px|30px&#8221; animation=&#8221;off&#8221; hover_enabled=&#8221;0&#8243; border_radii=&#8221;on|6px|6px|6px|6px&#8221; box_shadow_style=&#8221;preset1&#8243; box_shadow_blur=&#8221;70px&#8221; box_shadow_color=&#8221;rgba(110,130,208,0.18)&#8221; global_colors_info=&#8221;{}&#8221; sticky_enabled=&#8221;0&#8243;]<\/p>\n<p>Kuljeta matkustajat turvallisesti navigaation avulla<\/p>\n<p><span style=\"font-size: 14px;\">\u00a0<\/span><\/p>\n<p><span style=\"font-size: 14px;\">\u00a0<\/span><\/p>\n<p>[\/et_pb_blurb][\/et_pb_column][\/et_pb_row][\/et_pb_section][et_pb_section fb_built=&#8221;1&#8243; admin_label=&#8221;Join Now Call to Action&#8221; _builder_version=&#8221;4.16&#8243; use_background_color_gradient=&#8221;on&#8221; background_color_gradient_stops=&#8221;#ffc000 0%|#e09900 100%&#8221; background_color_gradient_start=&#8221;#ffc000&#8243; background_color_gradient_end=&#8221;#e09900&#8243; custom_margin=&#8221;|||&#8221; custom_padding=&#8221;110px|0px|110px|0px&#8221; locked=&#8221;off&#8221; global_colors_info=&#8221;{}&#8221;][et_pb_row column_structure=&#8221;1_2,1_2&#8243; _builder_version=&#8221;4.25.2&#8243; hover_enabled=&#8221;0&#8243; global_colors_info=&#8221;{}&#8221; sticky_enabled=&#8221;0&#8243;][et_pb_column type=&#8221;1_2&#8243; _builder_version=&#8221;4.16&#8243; custom_padding=&#8221;|||&#8221; global_colors_info=&#8221;{}&#8221; custom_padding__hover=&#8221;|||&#8221;][et_pb_text _builder_version=&#8221;4.22.1&#8243; text_font=&#8221;Montserrat||||||||&#8221; text_text_color=&#8221;rgba(255,255,255,0.8)&#8221; text_font_size=&#8221;16px&#8221; text_line_height=&#8221;1.8em&#8221; header_font=&#8221;||||||||&#8221; header_text_color=&#8221;#ffffff&#8221; header_font_size=&#8221;24px&#8221; header_3_font=&#8221;Ubuntu|600|||||||&#8221; header_3_font_size=&#8221;36px&#8221; header_3_line_height=&#8221;1.4em&#8221; background_layout=&#8221;dark&#8221; custom_margin=&#8221;|||&#8221; global_colors_info=&#8221;{}&#8221;]<\/p>\n<h3 id='oletko-valmis-muutokseen'  id=\"boomdevs_4\"><strong>Oletko Valmis Muutokseen<\/strong><\/h3>\n<p>Haluatko kokeilla jotain uutta? Ota meihin yhteytt\u00e4 ei-sitovan tarjouksen saamiseksi taksimittarista ja l\u00e4hetysratkaisusta. Saat 14 p\u00e4iv\u00e4n ilmaisen kokeilun jo t\u00e4n\u00e4\u00e4n.<\/p>\n<p>[\/et_pb_text][\/et_pb_column][et_pb_column type=&#8221;1_2&#8243; _builder_version=&#8221;4.16&#8243; custom_padding=&#8221;|||&#8221; global_colors_info=&#8221;{}&#8221; custom_padding__hover=&#8221;|||&#8221;][et_pb_button button_url=&#8221;@ET-DC@eyJkeW5hbWljIjp0cnVlLCJjb250ZW50IjoicG9zdF9saW5rX3VybF9wYWdlIiwic2V0dGluZ3MiOnsicG9zdF9pZCI6IjM4In19@&#8221; url_new_window=&#8221;on&#8221; button_text=&#8221;HINTAMME&#8221; button_alignment=&#8221;right&#8221; button_alignment_tablet=&#8221;&#8221; button_alignment_phone=&#8221;center&#8221; button_alignment_last_edited=&#8221;on|phone&#8221; _builder_version=&#8221;4.25.2&#8243; _dynamic_attributes=&#8221;button_url&#8221; custom_button=&#8221;on&#8221; button_text_size=&#8221;14px&#8221; button_text_color=&#8221;#ffffff&#8221; button_bg_color=&#8221;rgba(0,0,0,0)&#8221; button_bg_use_color_gradient=&#8221;on&#8221; button_bg_color_gradient_direction=&#8221;90deg&#8221; button_bg_color_gradient_stops=&#8221;#111111 40%|#424242 100%&#8221; button_bg_color_gradient_start=&#8221;#111111&#8243; button_bg_color_gradient_start_position=&#8221;40%&#8221; button_bg_color_gradient_end=&#8221;#424242&#8243; button_border_width=&#8221;0px&#8221; button_border_color=&#8221;#111111&#8243; button_border_radius=&#8221;4px&#8221; button_letter_spacing=&#8221;5px&#8221; button_font=&#8221;Ubuntu|700||on|||||&#8221; background_layout=&#8221;dark&#8221; custom_margin=&#8221;44px||||false|false&#8221; custom_padding=&#8221;18px|34px|18px|34px|true|true&#8221; hover_enabled=&#8221;0&#8243; box_shadow_style=&#8221;preset3&#8243; box_shadow_vertical=&#8221;10px&#8221; box_shadow_blur=&#8221;30px&#8221; box_shadow_spread=&#8221;-20px&#8221; box_shadow_color=&#8221;#111111&#8243; button_letter_spacing_hover=&#8221;0&#8243; locked=&#8221;off&#8221; global_colors_info=&#8221;{}&#8221; button_text_size__hover_enabled=&#8221;off&#8221; button_one_text_size__hover_enabled=&#8221;off&#8221; button_two_text_size__hover_enabled=&#8221;off&#8221; button_text_color__hover_enabled=&#8221;off&#8221; button_one_text_color__hover_enabled=&#8221;off&#8221; button_two_text_color__hover_enabled=&#8221;off&#8221; button_border_width__hover_enabled=&#8221;off&#8221; button_one_border_width__hover_enabled=&#8221;off&#8221; button_two_border_width__hover_enabled=&#8221;off&#8221; button_border_color__hover_enabled=&#8221;off&#8221; button_one_border_color__hover_enabled=&#8221;off&#8221; button_two_border_color__hover_enabled=&#8221;off&#8221; button_border_radius__hover_enabled=&#8221;off&#8221; button_one_border_radius__hover_enabled=&#8221;off&#8221; button_two_border_radius__hover_enabled=&#8221;off&#8221; button_letter_spacing__hover_enabled=&#8221;on&#8221; button_letter_spacing__hover=&#8221;5.5px&#8221; button_one_letter_spacing__hover_enabled=&#8221;off&#8221; button_two_letter_spacing__hover_enabled=&#8221;off&#8221; button_bg_color__hover_enabled=&#8221;off&#8221; button_one_bg_color__hover_enabled=&#8221;off&#8221; button_two_bg_color__hover_enabled=&#8221;off&#8221; sticky_enabled=&#8221;0&#8243;][\/et_pb_button][\/et_pb_column][\/et_pb_row][\/et_pb_section]<\/p>\n","protected":false},"excerpt":{"rendered":"<p>MID -hyv\u00e4ksytty taksimittari Saat nyt MID -hyv\u00e4ksytyn taksimittarin ilman ylim\u00e4\u00e4r\u00e4ist\u00e4 vaivaa ja voit ajaa vapaasti. GPS:n kattavat ja edistyneet toiminnot, kuten et\u00e4isyyden laskentamittari ja tulostettu kuitti takaavat onnistumisen.Taksimittari \u2013 Tekniikka Ja SennusSen lis\u00e4ksi, ett\u00e4 saat laillisesti hyv\u00e4ksytyn MID t-taksimittarin, mutta me autamme sinua lis\u00e4ksi asennuksessa ja tuessa. Innovatiivinen, edullinen, korkealaatuinen ohjelmistomme tarjoaa pitk\u00e4aikaisia etuja. .Joustava [&hellip;]<\/p>\n","protected":false},"author":2,"featured_media":0,"parent":0,"menu_order":0,"comment_status":"closed","ping_status":"closed","template":"","meta":{"_et_pb_use_builder":"on","_et_pb_old_content":"","_et_gb_content_width":"","inline_featured_image":false,"footnotes":""},"class_list":["post-30","page","type-page","status-publish","hentry"],"_links":{"self":[{"href":"https:\/\/cabsoluit.com\/fi\/wp-json\/wp\/v2\/pages\/30"}],"collection":[{"href":"https:\/\/cabsoluit.com\/fi\/wp-json\/wp\/v2\/pages"}],"about":[{"href":"https:\/\/cabsoluit.com\/fi\/wp-json\/wp\/v2\/types\/page"}],"author":[{"embeddable":true,"href":"https:\/\/cabsoluit.com\/fi\/wp-json\/wp\/v2\/users\/2"}],"replies":[{"embeddable":true,"href":"https:\/\/cabsoluit.com\/fi\/wp-json\/wp\/v2\/comments?post=30"}],"version-history":[{"count":14,"href":"https:\/\/cabsoluit.com\/fi\/wp-json\/wp\/v2\/pages\/30\/revisions"}],"predecessor-version":[{"id":119,"href":"https:\/\/cabsoluit.com\/fi\/wp-json\/wp\/v2\/pages\/30\/revisions\/119"}],"wp:attachment":[{"href":"https:\/\/cabsoluit.com\/fi\/wp-json\/wp\/v2\/media?parent=30"}],"curies":[{"name":"wp","href":"https:\/\/api.w.org\/{rel}","templated":true}]}}